{"id":446,"date":"2024-01-01T19:48:45","date_gmt":"2024-01-01T18:48:45","guid":{"rendered":"https:\/\/heartie.app\/pl\/?page_id=446"},"modified":"2024-01-30T23:59:13","modified_gmt":"2024-01-30T22:59:13","slug":"zdrowe-nawyki-artykuly-porady","status":"publish","type":"page","link":"https:\/\/heartie.app\/articles\/pl\/zdrowe-nawyki-artykuly-porady\/","title":{"rendered":"Zdrowe nawyki"},"content":{"rendered":"\n<div class=\"wp-block-query is-layout-flow wp-block-query-is-layout-flow\"><ul class=\"wp-block-post-template is-layout-flow wp-block-post-template-is-layout-flow\"><li class=\"wp-block-post post-1012 post type-post status-publish format-standard has-post-thumbnail hentry category-najlepsze-dla-serca category-zdrowe-serce\">\n<h2 class=\"wp-block-post-title\"><a href=\"https:\/\/heartie.app\/articles\/pl\/kontroluj-cisnienie-krwi\/\" target=\"_self\" >Kontroluj ci\u015bnienie krwi<\/a><\/h2>\n\n<figure class=\"alignwide wp-block-post-featured-image\"><a href=\"https:\/\/heartie.app\/articles\/pl\/kontroluj-cisnienie-krwi\/\" target=\"_self\"  ><img decoding=\"async\" width=\"2560\" height=\"1435\" src=\"https:\/\/heartie.app\/articles\/pl\/wp-content\/uploads\/sites\/23\/2024\/01\/wysokie-cisnienie-krwi-jest-glownym-czynnikiem-ryzyka-chorob-serca.jpg\" class=\"attachment-post-thumbnail size-post-thumbnail wp-post-image\" alt=\"Kontroluj ci\u015bnienie krwi\" style=\"object-fit:cover;\" srcset=\"https:\/\/heartie.app\/articles\/pl\/wp-content\/uploads\/sites\/23\/2024\/01\/wysokie-cisnienie-krwi-jest-glownym-czynnikiem-ryzyka-chorob-serca.jpg 2560w, https:\/\/heartie.app\/articles\/pl\/wp-content\/uploads\/sites\/23\/2024\/01\/wysokie-cisnienie-krwi-jest-glownym-czynnikiem-ryzyka-chorob-serca-300x168.jpg 300w, https:\/\/heartie.app\/articles\/pl\/wp-content\/uploads\/sites\/23\/2024\/01\/wysokie-cisnienie-krwi-jest-glownym-czynnikiem-ryzyka-chorob-serca-1024x574.jpg 1024w, https:\/\/heartie.app\/articles\/pl\/wp-content\/uploads\/sites\/23\/2024\/01\/wysokie-cisnienie-krwi-jest-glownym-czynnikiem-ryzyka-chorob-serca-768x430.jpg 768w, https:\/\/heartie.app\/articles\/pl\/wp-content\/uploads\/sites\/23\/2024\/01\/wysokie-cisnienie-krwi-jest-glownym-czynnikiem-ryzyka-chorob-serca-1536x861.jpg 1536w, https:\/\/heartie.app\/articles\/pl\/wp-content\/uploads\/sites\/23\/2024\/01\/wysokie-cisnienie-krwi-jest-glownym-czynnikiem-ryzyka-chorob-serca-2048x1148.jpg 2048w\" sizes=\"(max-width: 2560px) 100vw, 2560px\" title=\"\"><\/a><\/figure>\n\n<div class=\"wp-block-post-excerpt\"><p class=\"wp-block-post-excerpt__excerpt\"><a href=\"https:\/\/heartie.app\/articles\/pl\/kontroluj-cisnienie-krwi\/\" data-internallinksmanager029f6b8e52c=\"4\" title=\"Ci\u015bnienie krwi\">Wysokie ci\u015bnienie krwi<\/a> jest g\u0142\u00f3wnym czynnikiem ryzyka chor\u00f3b serca. Utrzymuj zdrowy tryb \u017cycia, ogranicz spo\u017cycie soli, regularnie \u0107wicz i stosuj si\u0119 do porad swojego lekarza, aby kontrolowa\u0107 <a href=\"https:\/\/heartie.app\/articles\/pl\/kontroluj-cisnienie-krwi\/\" data-internallinksmanager029f6b8e52c=\"4\" title=\"Ci\u015bnienie krwi\">ci\u015bnienie krwi<\/a>. <\/p><\/div>\n\n\n<hr class=\"wp-block-separator has-css-opacity\"\/>\n\n\n<div class=\"wp-block-post-date\"><time datetime=\"2024-01-16T10:25:30+01:00\">2024-01-16<\/time><\/div>\n<\/li><li class=\"wp-block-post post-1035 post type-post status-publish format-standard has-post-thumbnail hentry category-najlepsze-dla-serca category-zdrowe-serce category-odzywianie-dieta category-unikanie-ograniczanie-uzywek\">\n<h2 class=\"wp-block-post-title\"><a href=\"https:\/\/heartie.app\/articles\/pl\/zarzadzanie-cukrzyca\/\" target=\"_self\" >Zarz\u0105dzanie cukrzyc\u0105<\/a><\/h2>\n\n<figure class=\"alignwide wp-block-post-featured-image\"><a href=\"https:\/\/heartie.app\/articles\/pl\/zarzadzanie-cukrzyca\/\" target=\"_self\"  ><img decoding=\"async\" width=\"1456\" height=\"816\" src=\"https:\/\/heartie.app\/articles\/pl\/wp-content\/uploads\/sites\/23\/2024\/01\/zarzadzanie-cukrzyca-i-poziomem-cukru-we-krwi-poprzez-diete-cwiczenia-i-leki-jest-kluczowe-dla-zdrowia-serca.jpg\" class=\"attachment-post-thumbnail size-post-thumbnail wp-post-image\" alt=\"Zarz\u0105dzanie cukrzyc\u0105\" style=\"object-fit:cover;\" srcset=\"https:\/\/heartie.app\/articles\/pl\/wp-content\/uploads\/sites\/23\/2024\/01\/zarzadzanie-cukrzyca-i-poziomem-cukru-we-krwi-poprzez-diete-cwiczenia-i-leki-jest-kluczowe-dla-zdrowia-serca.jpg 1456w, https:\/\/heartie.app\/articles\/pl\/wp-content\/uploads\/sites\/23\/2024\/01\/zarzadzanie-cukrzyca-i-poziomem-cukru-we-krwi-poprzez-diete-cwiczenia-i-leki-jest-kluczowe-dla-zdrowia-serca-300x168.jpg 300w, https:\/\/heartie.app\/articles\/pl\/wp-content\/uploads\/sites\/23\/2024\/01\/zarzadzanie-cukrzyca-i-poziomem-cukru-we-krwi-poprzez-diete-cwiczenia-i-leki-jest-kluczowe-dla-zdrowia-serca-1024x574.jpg 1024w, https:\/\/heartie.app\/articles\/pl\/wp-content\/uploads\/sites\/23\/2024\/01\/zarzadzanie-cukrzyca-i-poziomem-cukru-we-krwi-poprzez-diete-cwiczenia-i-leki-jest-kluczowe-dla-zdrowia-serca-768x430.jpg 768w\" sizes=\"(max-width: 1456px) 100vw, 1456px\" title=\"\"><\/a><\/figure>\n\n<div class=\"wp-block-post-excerpt\"><p class=\"wp-block-post-excerpt__excerpt\">Cukrzyca zwi\u0119ksza ryzyko chor\u00f3b serca. Zarz\u0105dzanie cukrzyc\u0105 i poziomem cukru we krwi poprzez diet\u0119, \u0107wiczenia i leki jest kluczowe dla zdrowia serca. Regularne monitorowanie i konsultacje z lekarzem s\u0105 niezb\u0119dne. <\/p><\/div>\n\n\n<hr class=\"wp-block-separator has-css-opacity\"\/>\n\n\n<div class=\"wp-block-post-date\"><time datetime=\"2024-01-15T11:14:22+01:00\">2024-01-15<\/time><\/div>\n<\/li><li class=\"wp-block-post post-1044 post type-post status-publish format-standard has-post-thumbnail hentry category-najlepsze-dla-serca category-odzywianie-dieta category-zdrowe-jedzenie\">\n<h2 class=\"wp-block-post-title\"><a href=\"https:\/\/heartie.app\/articles\/pl\/ogranicz-tluszcze-nasycone\/\" target=\"_self\" >Ogranicz t\u0142uszcze nasycone<\/a><\/h2>\n\n<figure class=\"alignwide wp-block-post-featured-image\"><a href=\"https:\/\/heartie.app\/articles\/pl\/ogranicz-tluszcze-nasycone\/\" target=\"_self\"  ><img decoding=\"async\" width=\"2560\" height=\"1435\" src=\"https:\/\/heartie.app\/articles\/pl\/wp-content\/uploads\/sites\/23\/2024\/01\/tluszcze-nasycone-moga-podnosic-poziom-cholesterolu-tluszcze-trans-to-cos-co-nalezy-unikac.jpg\" class=\"attachment-post-thumbnail size-post-thumbnail wp-post-image\" alt=\"Ogranicz t\u0142uszcze nasycone\" style=\"object-fit:cover;\" srcset=\"https:\/\/heartie.app\/articles\/pl\/wp-content\/uploads\/sites\/23\/2024\/01\/tluszcze-nasycone-moga-podnosic-poziom-cholesterolu-tluszcze-trans-to-cos-co-nalezy-unikac.jpg 2560w, https:\/\/heartie.app\/articles\/pl\/wp-content\/uploads\/sites\/23\/2024\/01\/tluszcze-nasycone-moga-podnosic-poziom-cholesterolu-tluszcze-trans-to-cos-co-nalezy-unikac-300x168.jpg 300w, https:\/\/heartie.app\/articles\/pl\/wp-content\/uploads\/sites\/23\/2024\/01\/tluszcze-nasycone-moga-podnosic-poziom-cholesterolu-tluszcze-trans-to-cos-co-nalezy-unikac-1024x574.jpg 1024w, https:\/\/heartie.app\/articles\/pl\/wp-content\/uploads\/sites\/23\/2024\/01\/tluszcze-nasycone-moga-podnosic-poziom-cholesterolu-tluszcze-trans-to-cos-co-nalezy-unikac-768x430.jpg 768w, https:\/\/heartie.app\/articles\/pl\/wp-content\/uploads\/sites\/23\/2024\/01\/tluszcze-nasycone-moga-podnosic-poziom-cholesterolu-tluszcze-trans-to-cos-co-nalezy-unikac-1536x861.jpg 1536w, https:\/\/heartie.app\/articles\/pl\/wp-content\/uploads\/sites\/23\/2024\/01\/tluszcze-nasycone-moga-podnosic-poziom-cholesterolu-tluszcze-trans-to-cos-co-nalezy-unikac-2048x1148.jpg 2048w\" sizes=\"(max-width: 2560px) 100vw, 2560px\" title=\"\"><\/a><\/figure>\n\n<div class=\"wp-block-post-excerpt\"><p class=\"wp-block-post-excerpt__excerpt\"><a href=\"https:\/\/heartie.app\/articles\/pl\/ogranicz-tluszcze-nasycone\/\" data-internallinksmanager029f6b8e52c=\"7\" title=\"T\u0142uszcze nasycone\">T\u0142uszcze nasycone<\/a>, znajduj\u0105ce si\u0119 w niekt\u00f3rych mi\u0119sach, produktach mlecznych i przetworzonej \u017cywno\u015bci, mog\u0105 podnosi\u0107 <a href=\"https:\/\/heartie.app\/articles\/pl\/badanie-cholesterolu\/\" data-internallinksmanager029f6b8e52c=\"3\" title=\"Cholesterol\">poziom cholesterolu<\/a>. Ograniczenie tych t\u0142uszcz\u00f3w jest wa\u017cne dla utrzymania zdrowego serca. <\/p><\/div>\n\n\n<hr class=\"wp-block-separator has-css-opacity\"\/>\n\n\n<div class=\"wp-block-post-date\"><time datetime=\"2024-01-14T23:35:34+01:00\">2024-01-14<\/time><\/div>\n<\/li><\/ul><\/div>\n\n\n\n<figure class=\"wp-block-image aligncenter size-full is-resized\"><img decoding=\"async\" width=\"512\" height=\"512\" src=\"https:\/\/heartie.app\/articles\/pl\/wp-content\/uploads\/sites\/23\/2024\/01\/zdrowe-nawyki.png\" alt=\"Zdrowe nawyki\" class=\"wp-image-22\" style=\"width:102px;height:auto\" title=\"\" srcset=\"https:\/\/heartie.app\/articles\/pl\/wp-content\/uploads\/sites\/23\/2024\/01\/zdrowe-nawyki.png 512w, https:\/\/heartie.app\/articles\/pl\/wp-content\/uploads\/sites\/23\/2024\/01\/zdrowe-nawyki-300x300.png 300w, https:\/\/heartie.app\/articles\/pl\/wp-content\/uploads\/sites\/23\/2024\/01\/zdrowe-nawyki-150x150.png 150w, https:\/\/heartie.app\/articles\/pl\/wp-content\/uploads\/sites\/23\/2024\/01\/zdrowe-nawyki-48x48.png 48w\" sizes=\"(max-width: 512px) 100vw, 512px\" \/><\/figure>\n","protected":false},"excerpt":{"rendered":"","protected":false},"author":1,"featured_media":0,"parent":0,"menu_order":0,"comment_status":"closed","ping_status":"closed","template":"","meta":{"_eb_attr":"","site-sidebar-layout":"default","site-content-layout":"","ast-site-content-layout":"default","site-content-style":"default","site-sidebar-style":"default","ast-global-header-display":"","ast-banner-title-visibility":"","ast-main-header-display":"","ast-hfb-above-header-display":"","ast-hfb-below-header-display":"","ast-hfb-mobile-header-display":"","site-post-title":"disabled","ast-breadcrumbs-content":"","ast-featured-img":"","footer-sml-layout":"","ast-disable-related-posts":"","theme-transparent-header-meta":"","adv-header-id-meta":"","stick-header-meta":"","header-above-stick-meta":"","header-main-stick-meta":"","header-below-stick-meta":"","astra-migrate-meta-layouts":"default","ast-page-background-enabled":"default","ast-page-background-meta":{"desktop":{"background-color":"var(--ast-global-color-4)","background-image":"","background-repeat":"repeat","background-position":"center center","background-size":"auto","background-attachment":"scroll","background-type":"","background-media":"","overlay-type":"","overlay-color":"","overlay-opacity":"","overlay-gradient":""},"tablet":{"background-color":"","background-image":"","background-repeat":"repeat","background-position":"center center","background-size":"auto","background-attachment":"scroll","background-type":"","background-media":"","overlay-type":"","overlay-color":"","overlay-opacity":"","overlay-gradient":""},"mobile":{"background-color":"","background-image":"","background-repeat":"repeat","background-position":"center center","background-size":"auto","background-attachment":"scroll","background-type":"","background-media":"","overlay-type":"","overlay-color":"","overlay-opacity":"","overlay-gradient":""}},"ast-content-background-meta":{"desktop":{"background-color":"var(--ast-global-color-5)","background-image":"","background-repeat":"repeat","background-position":"center center","background-size":"auto","background-attachment":"scroll","background-type":"","background-media":"","overlay-type":"","overlay-color":"","overlay-opacity":"","overlay-gradient":""},"tablet":{"background-color":"var(--ast-global-color-5)","background-image":"","background-repeat":"repeat","background-position":"center center","background-size":"auto","background-attachment":"scroll","background-type":"","background-media":"","overlay-type":"","overlay-color":"","overlay-opacity":"","overlay-gradient":""},"mobile":{"background-color":"var(--ast-global-color-5)","background-image":"","background-repeat":"repeat","background-position":"center center","background-size":"auto","background-attachment":"scroll","background-type":"","background-media":"","overlay-type":"","overlay-color":"","overlay-opacity":"","overlay-gradient":""}},"footnotes":""},"class_list":["post-446","page","type-page","status-publish","hentry"],"_links":{"self":[{"href":"https:\/\/heartie.app\/articles\/pl\/wp-json\/wp\/v2\/pages\/446","targetHints":{"allow":["GET"]}}],"collection":[{"href":"https:\/\/heartie.app\/articles\/pl\/wp-json\/wp\/v2\/pages"}],"about":[{"href":"https:\/\/heartie.app\/articles\/pl\/wp-json\/wp\/v2\/types\/page"}],"author":[{"embeddable":true,"href":"https:\/\/heartie.app\/articles\/pl\/wp-json\/wp\/v2\/users\/1"}],"replies":[{"embeddable":true,"href":"https:\/\/heartie.app\/articles\/pl\/wp-json\/wp\/v2\/comments?post=446"}],"version-history":[{"count":11,"href":"https:\/\/heartie.app\/articles\/pl\/wp-json\/wp\/v2\/pages\/446\/revisions"}],"predecessor-version":[{"id":1230,"href":"https:\/\/heartie.app\/articles\/pl\/wp-json\/wp\/v2\/pages\/446\/revisions\/1230"}],"wp:attachment":[{"href":"https:\/\/heartie.app\/articles\/pl\/wp-json\/wp\/v2\/media?parent=446"}],"curies":[{"name":"wp","href":"https:\/\/api.w.org\/{rel}","templated":true}]}}