{"id":3,"date":"2024-01-03T22:45:42","date_gmt":"2024-01-03T22:45:42","guid":{"rendered":"https:\/\/heartie.app\/pl\/?page_id=3"},"modified":"2024-02-11T19:09:30","modified_gmt":"2024-02-11T18:09:30","slug":"privacy-policy","status":"publish","type":"page","link":"https:\/\/heartie.app\/articles\/pl\/privacy-policy\/","title":{"rendered":"Polityka Prywatno\u015bci"},"content":{"rendered":"\n<p>Witamy na <strong><a href=\"https:\/\/heartie.app\/articles\/pl\/sample-page\/\" data-internallinksmanager029f6b8e52c=\"1\" title=\"Heartie - dbanie o serce\">Heartie<\/a>.com<\/strong>, gdzie priorytetem jest prywatno\u015b\u0107 naszych odwiedzaj\u0105cych. Ten dokument przedstawia rodzaje informacji, kt\u00f3re zbieramy i spos\u00f3b ich wykorzystania.<\/p>\n\n\n\n<p>Je\u015bli masz dodatkowe pytania lub potrzebujesz wi\u0119cej szczeg\u00f3\u0142\u00f3w dotycz\u0105cych naszej Polityki Prywatno\u015bci, mo\u017cesz si\u0119 z nami <a href=\"https:\/\/www.creamsoft.com\/pl\/kontakt\/\" target=\"_blank\" rel=\"noreferrer noopener\">kontaktowa\u0107<\/a>.<\/p>\n\n\n\n<h2 class=\"wp-block-heading\">Zgoda<\/h2>\n\n\n\n<p>Korzystaj\u0105c z naszej strony internetowej, wyra\u017casz zgod\u0119 na nasz\u0105 Polityk\u0119 Prywatno\u015bci i zgadzasz si\u0119 na jej warunki.<\/p>\n\n\n\n<h2 class=\"wp-block-heading\">Informacje, kt\u00f3re zbieramy<\/h2>\n\n\n\n<p>Mo\u017cemy zbiera\u0107 informacje osobiste, gdy:<\/p>\n\n\n\n<ul class=\"wp-block-list\">\n<li>Kontaktujesz si\u0119 z nami bezpo\u015brednio, co mo\u017ce obejmowa\u0107 takie dane jak imi\u0119, adres email oraz tre\u015b\u0107 Twojej wiadomo\u015bci.<\/li>\n\n\n\n<li>Rejestrujesz konto, co wymaga podania takich danych jak imi\u0119 lub nazwa firmy oraz adres email.<\/li>\n\n\n\n<li>Rejestrujesz si\u0119 do otrzymania darmowego PDF &#8211; zbieramy w\u00f3wczas Tw\u00f3j adres email do wysy\u0142ania newsletter\u00f3w, ofert lub promocji.<\/li>\n<\/ul>\n\n\n\n<h2 class=\"wp-block-heading\">Jak wykorzystujemy Twoje informacje<\/h2>\n\n\n\n<p>Nasze wykorzystanie Twoich informacji obejmuje, ale nie ogranicza si\u0119 do:<\/p>\n\n\n\n<ul class=\"wp-block-list\">\n<li>Udost\u0119pniania i utrzymania naszej strony internetowej.<\/li>\n\n\n\n<li>Ulepszania, personalizowania i rozwijania naszej strony.<\/li>\n\n\n\n<li>Rozumienia i analizowania sposobu, w jaki korzystasz z naszej strony.<\/li>\n\n\n\n<li>Rozwijania nowych produkt\u00f3w, us\u0142ug i funkcji.<\/li>\n\n\n\n<li>Komunikowania si\u0119 w celu obs\u0142ugi zapyta\u0144 klient\u00f3w, aktualizacji, marketingu, w tym newsletter\u00f3w, ofert od nas lub stron trzecich oraz cel\u00f3w promocyjnych, kt\u00f3re mog\u0105 zawiera\u0107 linki afiliacyjne.<\/li>\n\n\n\n<li>Wysy\u0142ania wiadomo\u015bci email i zapobiegania oszustwom.<\/li>\n<\/ul>\n\n\n\n<h2 class=\"wp-block-heading\">Pliki log\u00f3w<\/h2>\n\n\n\n<p><a href=\"https:\/\/heartie.app\/articles\/pl\/sample-page\/\" data-internallinksmanager029f6b8e52c=\"1\" title=\"Heartie - dbanie o serce\">Heartie<\/a>.com korzysta z plik\u00f3w log\u00f3w zgodnie ze standardowymi procedurami, rejestruj\u0105c dane takie jak adresy IP, typy przegl\u0105darek, dostawc\u00f3w us\u0142ug internetowych oraz znaczniki czasu wizyt. Dane te, niepowi\u0105zane z \u017cadnymi informacjami pozwalaj\u0105cymi na identyfikacj\u0119 osoby, pomagaj\u0105 w analizie trend\u00f3w i administrowanie stron\u0105.<\/p>\n\n\n\n<h2 class=\"wp-block-heading\">Cookies i inne technologie<\/h2>\n\n\n\n<p>Tak jak wiele innych stron internetowych, <a href=\"https:\/\/heartie.app\/articles\/pl\/sample-page\/\" data-internallinksmanager029f6b8e52c=\"1\" title=\"Heartie - dbanie o serce\">Heartie<\/a>.com u\u017cywa \u201ecookies\u201d (ciasteczek), aby poprawi\u0107 do\u015bwiadczenia u\u017cytkownika. Mo\u017cesz zarz\u0105dza\u0107 cookies za pomoc\u0105 ustawie\u0144 swojej przegl\u0105darki, gdzie dost\u0119pne s\u0105 szczeg\u00f3\u0142owe informacje.<\/p>\n\n\n\n<h2 class=\"wp-block-heading\">Us\u0142ugi stron trzecich i partnerzy reklamowi<\/h2>\n\n\n\n<p><a href=\"https:\/\/heartie.app\/articles\/pl\/sample-page\/\" data-internallinksmanager029f6b8e52c=\"1\" title=\"Heartie - dbanie o serce\">Heartie<\/a>.com korzysta z us\u0142ug stron trzecich, takich jak Google Analytics, aby zrozumie\u0107, jak nasza strona jest u\u017cywana. Google Analytics zbiera anonimowe dane, aby \u015bledzi\u0107 i raportowa\u0107 ruch na stronie. Dane te s\u0105 przetwarzane w spos\u00f3b, kt\u00f3ry nie pozwala na identyfikacj\u0119.<\/p>\n\n\n\n<p>Aby uzyska\u0107 wi\u0119cej szczeg\u00f3\u0142owych informacji na temat tego, jak Google zbiera i przetwarza Twoje dane, odwied\u017a <a href=\"https:\/\/policies.google.com\/privacy\" rel=\"nofollow noopener\" target=\"_blank\">Polityk\u0119 Prywatno\u015bci Google<\/a>.<\/p>\n\n\n\n<p>Wsp\u00f3\u0142pracujemy r\u00f3wnie\u017c z r\u00f3\u017cnymi dostawcami reklam, kt\u00f3rzy mog\u0105 u\u017cywa\u0107 cookies, sygna\u0142\u00f3w internetowych i innych technologii do zbierania informacji o Twojej aktywno\u015bci na naszej stronie i innych stronach, aby zapewni\u0107 Ci reklamy ukierunkowane na podstawie Twoich aktywno\u015bci i zainteresowa\u0144. Oto lista naszych partner\u00f3w reklamowych oraz linki do ich polityk prywatno\u015bci:<\/p>\n\n\n\n<ul class=\"wp-block-list\">\n<li><a href=\"https:\/\/policies.google.com\/technologies\/ads\" rel=\"nofollow noopener\" target=\"_blank\">Polityka Cookie Google AdSense &amp; DoubleClick<\/a><\/li>\n<\/ul>\n\n\n\n<h2 class=\"wp-block-heading\">Prawa ochrony danych GDPR<\/h2>\n\n\n\n<p>Jeste\u015bmy zobowi\u0105zani do ochrony Twoich danych. Na mocy GDPR, je\u015bli jeste\u015b mieszka\u0144cem Unii Europejskiej, przys\u0142uguj\u0105 Ci nast\u0119puj\u0105ce prawa:<\/p>\n\n\n\n<ul class=\"wp-block-list\">\n<li><strong>Prawo dost\u0119pu<\/strong>: Masz prawo za\u017c\u0105da\u0107 kopii swoich danych osobowych. Mo\u017cemy pobiera\u0107 niewielk\u0105 op\u0142at\u0119 za t\u0119 us\u0142ug\u0119.<\/li>\n\n\n\n<li><strong>Prawo do sprostowania<\/strong>: Masz prawo za\u017c\u0105da\u0107, aby\u015bmy poprawili informacje, kt\u00f3re uwa\u017casz za nieprawid\u0142owe lub uzupe\u0142nili informacje, kt\u00f3re uwa\u017casz za niekompletne.<\/li>\n\n\n\n<li><strong>Prawo do usuni\u0119cia<\/strong>: Masz prawo za\u017c\u0105da\u0107, aby\u015bmy usun\u0119li Twoje dane osobowe, pod pewnymi warunkami.<\/li>\n\n\n\n<li><strong>Prawo do ograniczenia przetwarzania<\/strong>: Masz prawo za\u017c\u0105da\u0107, aby\u015bmy ograniczyli przetwarzanie Twoich danych osobowych, pod pewnymi warunkami.<\/li>\n\n\n\n<li><strong>Prawo do przenoszenia danych<\/strong>: Masz prawo za\u017c\u0105da\u0107, aby\u015bmy przekazali dane, kt\u00f3re zebrali\u015bmy, innemu podmiotowi lub bezpo\u015brednio Tobie, pod pewnymi warunkami.<\/li>\n\n\n\n<li><strong>Prawo do sprzeciwu<\/strong>: Masz prawo sprzeciwi\u0107 si\u0119 przetwarzaniu Twoich danych osobowych, pod pewnymi warunkami.<\/li>\n\n\n\n<li><strong>Prawa w odniesieniu do automatycznego podejmowania decyzji i profilowania<\/strong>: Masz prawo nie by\u0107 przedmiotem decyzji opartej wy\u0142\u0105cznie na automatycznym przetwarzaniu, w tym profilowaniu, kt\u00f3re wywiera na Ciebie skutki prawne lub w podobny spos\u00f3b znacz\u0105co na Ciebie wp\u0142ywa.<\/li>\n<\/ul>\n\n\n\n<p>Aby uzyska\u0107 wi\u0119cej informacji lub wykona\u0107 swoje prawa ochrony danych, prosimy o <a href=\"https:\/\/www.creamsoft.com\/pl\/kontakt\/\" target=\"_blank\" rel=\"noreferrer noopener\">kontakt<\/a> z nami.<\/p>\n\n\n\n<h2 class=\"wp-block-heading\">Prawa prywatno\u015bci CCPA<\/h2>\n\n\n\n<p>Na mocy CCPA, je\u015bli jeste\u015b mieszka\u0144cem Kalifornii, przys\u0142uguj\u0105 Ci nast\u0119puj\u0105ce prawa:<\/p>\n\n\n\n<ul class=\"wp-block-list\">\n<li><strong>Prawo do wiedzy<\/strong>: Masz prawo za\u017c\u0105da\u0107, aby\u015bmy ujawnili pewne informacje na Tw\u00f3j temat dotycz\u0105ce naszego zbierania i u\u017cywania Twoich danych osobowych przez ostatnie 12 miesi\u0119cy.<\/li>\n\n\n\n<li><strong>Prawo do usuni\u0119cia<\/strong>: Masz prawo za\u017c\u0105da\u0107, aby\u015bmy usun\u0119li Twoje dane osobowe, kt\u00f3re zebrali\u015bmy od Ciebie i zatrzymali\u015bmy, pod pewnymi warunkami.<\/li>\n\n\n\n<li><strong>Prawo do rezygnacji<\/strong>: Masz prawo zrezygnowa\u0107 z sprzeda\u017cy Twoich danych osobowych.<\/li>\n\n\n\n<li><strong>Prawo do niedyskryminacji<\/strong>: Nie b\u0119dziemy dyskryminowa\u0107 Ci\u0119 za korzystanie z Twoich praw CCPA.<\/li>\n<\/ul>\n\n\n\n<p>Aby skorzysta\u0107 z tych praw, prosimy o <a href=\"https:\/\/www.creamsoft.com\/pl\/kontakt\/\" target=\"_blank\" data-type=\"link\" data-id=\"https:\/\/www.creamsoft.com\/pl\/kontakt\/\" rel=\"noreferrer noopener\">kontakt<\/a> z nami.<\/p>\n\n\n\n<h2 class=\"wp-block-heading\">Informacje o dzieciach<\/h2>\n\n\n\n<p>Ochrona prywatno\u015bci dzieci w internecie jest dla nas kluczowa. Heartie.com nie zbiera \u015bwiadomie \u017cadnych danych identyfikowalnych osobowo od dzieci poni\u017cej 13 roku \u017cycia. Je\u015bli uwa\u017casz, \u017ce takie informacje zosta\u0142y zebrane, prosimy o kontakt, aby\u015bmy mogli je niezw\u0142ocznie usun\u0105\u0107.<\/p>\n\n\n\n<h2 class=\"wp-block-heading\">Subskrypcja i Marketing<\/h2>\n\n\n\n<p>Zapisuj\u0105c si\u0119, aby otrzyma\u0107 nasz darmowy PDF, zgadzasz si\u0119 na podanie swojego adresu email, kt\u00f3ry b\u0119dzie u\u017cywany do wysy\u0142ania Ci darmowego pliku PDFa, newsletter\u00f3w, ofert lub promocji od nas lub naszych partner\u00f3w trzecich. Te komunikacje mog\u0105 zawiera\u0107 linki afiliacyjne. Mo\u017cesz w ka\u017cdej chwili zrezygnowa\u0107 z subskrypcji za pomoc\u0105 linku dost\u0119pnego w naszych emailach.<\/p>\n\n\n\n<h2 class=\"wp-block-heading\">Ujawnienie link\u00f3w afiliacyjnych<\/h2>\n\n\n\n<p>Heartie.com uczestniczy w r\u00f3\u017cnych programach marketingu afiliacyjnego, co oznacza, \u017ce mo\u017cemy zarabia\u0107 prowizje od zakup\u00f3w dokonanych za po\u015brednictwem naszych link\u00f3w do stron sprzedawc\u00f3w. Nasz udzia\u0142 w tych programach nie wp\u0142ywa na tre\u015b\u0107 artyku\u0142\u00f3w publikowanych na naszej stronie, ale pomaga wspiera\u0107 nasz\u0105 prac\u0119.<\/p>\n\n\n\n<p>Jeste\u015bmy zaanga\u017cowani w przejrzysto\u015b\u0107 i zapewniamy informacje, gdy korzystamy z link\u00f3w afiliacyjnych. Zach\u0119camy naszych u\u017cytkownik\u00f3w do czytania polityk prywatno\u015bci ka\u017cdej strony, kt\u00f3r\u0105 odwiedzaj\u0105 za po\u015brednictwem link\u00f3w afiliacyjnych, aby zrozumie\u0107, jak te strony zbieraj\u0105, u\u017cywaj\u0105 i dziel\u0105 si\u0119 ich informacjami.<\/p>\n\n\n\n<h2 class=\"wp-block-heading\">Administrator Danych i Informacje Kontaktowe<\/h2>\n\n\n\n<p><strong>Administrator Danych<\/strong>: Administratorem danych dla Heartie.com jestem ja, Rafa\u0142 P\u0142atek, prowadz\u0105cy w\u0142asn\u0105 dzia\u0142alno\u015b\u0107 gospodarcz\u0105 jako CREAM.SOFTWARE RAFA\u0141 P\u0141ATEK zlokalizowan\u0105 w Polsce, ul. D\u0105browskiego 58d, 32-400 My\u015blenice, zarejestrowan\u0105 w Centralnej Ewidencji I Informacji o Dzia\u0142alno\u015bci Gospodarczej, pos\u0142uguj\u0105c si\u0119 numerem NIP 681-112-89-55.<\/p>\n\n\n\n<p><strong>Informacje Kontaktowe<\/strong>: Je\u015bli masz jakiekolwiek pytania dotycz\u0105ce tej polityki prywatno\u015bci, danych, kt\u00f3re przechowujemy na Tw\u00f3j temat, lub je\u015bli chcia\u0142by\u015b skorzysta\u0107 z jednego ze swoich praw ochrony danych, prosimy o <a href=\"https:\/\/www.creamsoft.com\/pl\/kontakt\/\" target=\"_blank\" data-type=\"link\" data-id=\"https:\/\/www.creamsoft.com\/pl\/kontakt\/\" rel=\"noreferrer noopener\">kontakt<\/a>.<\/p>\n","protected":false},"excerpt":{"rendered":"<p>Witamy na Heartie.com, gdzie priorytetem jest prywatno\u015b\u0107 naszych odwiedzaj\u0105cych. Ten dokument przedstawia rodzaje informacji, kt\u00f3re zbieramy i spos\u00f3b ich wykorzystania. Je\u015bli masz dodatkowe pytania lub potrzebujesz wi\u0119cej szczeg\u00f3\u0142\u00f3w dotycz\u0105cych naszej Polityki Prywatno\u015bci, mo\u017cesz si\u0119 z nami kontaktowa\u0107. Zgoda Korzystaj\u0105c z naszej strony internetowej, wyra\u017casz zgod\u0119 na nasz\u0105 Polityk\u0119 Prywatno\u015bci i zgadzasz si\u0119 na jej warunki. [&hellip;]<\/p>\n","protected":false},"author":1,"featured_media":0,"parent":0,"menu_order":0,"comment_status":"closed","ping_status":"open","template":"","meta":{"_eb_attr":"","site-sidebar-layout":"default","site-content-layout":"","ast-site-content-layout":"default","site-content-style":"default","site-sidebar-style":"default","ast-global-header-display":"","ast-banner-title-visibility":"","ast-main-header-display":"","ast-hfb-above-header-display":"","ast-hfb-below-header-display":"","ast-hfb-mobile-header-display":"","site-post-title":"","ast-breadcrumbs-content":"","ast-featured-img":"","footer-sml-layout":"","ast-disable-related-posts":"","theme-transparent-header-meta":"","adv-header-id-meta":"","stick-header-meta":"","header-above-stick-meta":"","header-main-stick-meta":"","header-below-stick-meta":"","astra-migrate-meta-layouts":"default","ast-page-background-enabled":"default","ast-page-background-meta":{"desktop":{"background-color":"var(--ast-global-color-4)","background-image":"","background-repeat":"repeat","background-position":"center center","background-size":"auto","background-attachment":"scroll","background-type":"","background-media":"","overlay-type":"","overlay-color":"","overlay-opacity":"","overlay-gradient":""},"tablet":{"background-color":"","background-image":"","background-repeat":"repeat","background-position":"center center","background-size":"auto","background-attachment":"scroll","background-type":"","background-media":"","overlay-type":"","overlay-color":"","overlay-opacity":"","overlay-gradient":""},"mobile":{"background-color":"","background-image":"","background-repeat":"repeat","background-position":"center center","background-size":"auto","background-attachment":"scroll","background-type":"","background-media":"","overlay-type":"","overlay-color":"","overlay-opacity":"","overlay-gradient":""}},"ast-content-background-meta":{"desktop":{"background-color":"var(--ast-global-color-5)","background-image":"","background-repeat":"repeat","background-position":"center center","background-size":"auto","background-attachment":"scroll","background-type":"","background-media":"","overlay-type":"","overlay-color":"","overlay-opacity":"","overlay-gradient":""},"tablet":{"background-color":"var(--ast-global-color-5)","background-image":"","background-repeat":"repeat","background-position":"center center","background-size":"auto","background-attachment":"scroll","background-type":"","background-media":"","overlay-type":"","overlay-color":"","overlay-opacity":"","overlay-gradient":""},"mobile":{"background-color":"var(--ast-global-color-5)","background-image":"","background-repeat":"repeat","background-position":"center center","background-size":"auto","background-attachment":"scroll","background-type":"","background-media":"","overlay-type":"","overlay-color":"","overlay-opacity":"","overlay-gradient":""}},"footnotes":""},"class_list":["post-3","page","type-page","status-publish","hentry"],"_links":{"self":[{"href":"https:\/\/heartie.app\/articles\/pl\/wp-json\/wp\/v2\/pages\/3","targetHints":{"allow":["GET"]}}],"collection":[{"href":"https:\/\/heartie.app\/articles\/pl\/wp-json\/wp\/v2\/pages"}],"about":[{"href":"https:\/\/heartie.app\/articles\/pl\/wp-json\/wp\/v2\/types\/page"}],"author":[{"embeddable":true,"href":"https:\/\/heartie.app\/articles\/pl\/wp-json\/wp\/v2\/users\/1"}],"replies":[{"embeddable":true,"href":"https:\/\/heartie.app\/articles\/pl\/wp-json\/wp\/v2\/comments?post=3"}],"version-history":[{"count":2,"href":"https:\/\/heartie.app\/articles\/pl\/wp-json\/wp\/v2\/pages\/3\/revisions"}],"predecessor-version":[{"id":1242,"href":"https:\/\/heartie.app\/articles\/pl\/wp-json\/wp\/v2\/pages\/3\/revisions\/1242"}],"wp:attachment":[{"href":"https:\/\/heartie.app\/articles\/pl\/wp-json\/wp\/v2\/media?parent=3"}],"curies":[{"name":"wp","href":"https:\/\/api.w.org\/{rel}","templated":true}]}}