{"id":2,"date":"2024-01-10T16:46:46","date_gmt":"2024-01-10T15:46:46","guid":{"rendered":"https:\/\/heartie.app\/pl\/?page_id=2"},"modified":"2024-04-19T10:44:21","modified_gmt":"2024-04-19T09:44:21","slug":"sample-page","status":"publish","type":"page","link":"https:\/\/heartie.app\/articles\/pl\/sample-page\/","title":{"rendered":"Zdrowie serca"},"content":{"rendered":"\n<div class=\"wp-block-columns is-layout-flex wp-container-core-columns-is-layout-28f84493 wp-block-columns-is-layout-flex\">\n<div class=\"wp-block-column is-vertically-aligned-stretch is-layout-flow wp-block-column-is-layout-flow\" style=\"padding-top:4.7em;padding-right:1em;padding-bottom:4.7em;padding-left:1em;flex-basis:70%\">\n<h1 class=\"wp-block-heading\" style=\"padding-bottom:0\">Zdrowie serca<\/h1>\n\n\n\n<h2 class=\"wp-block-heading\" style=\"padding-top:0;padding-bottom:0\">Zadbaj o swoje serce teraz!<\/h2>\n\n\n\n<p>Witamy w &#8222;Heartie&#8221;, innowacyjnej aplikacji stworzonej, aby pom\u00f3c Ci osi\u0105gn\u0105\u0107 i utrzyma\u0107 optymalny stan zdrowia serca. Nasza przyjazna dla u\u017cytkownika aplikacja skupia si\u0119 na kontroli ci\u015bnienia krwi, odchudzaniu i zarz\u0105dzaniu diet\u0105 oraz na wyborach dotycz\u0105cych stylu \u017cycia, aby zapewni\u0107 ca\u0142o\u015bciowe podej\u015bcie do zdrowia sercowo-naczyniowego.<\/p>\n\n\n\n<div class=\"wp-block-columns is-layout-flex wp-container-core-columns-is-layout-28f84493 wp-block-columns-is-layout-flex\">\n<div class=\"wp-block-column is-layout-flow wp-block-column-is-layout-flow\">\n<p class=\"has-text-align-center\" style=\"padding-top:0;padding-bottom:0\">Wypr\u00f3buj j\u0105 <strong>BEZP\u0141ATNIE<\/strong> podczas okresu pr\u00f3bnego<\/p>\n\n\n\n<div class=\"wp-block-group alignfull is-content-justification-center is-layout-flex wp-container-core-group-is-layout-3451b584 wp-block-group-is-layout-flex\" style=\"padding-top:0;padding-right:0;padding-bottom:0;padding-left:0\">\n<figure class=\"wp-block-image alignright size-full is-resized\"><a href=\"https:\/\/apps.apple.com\/us\/app\/cholesterol-table-diet-aid\/id1091817985\" rel=\"nofollow noopener\" target=\"_blank\"><img decoding=\"async\" width=\"512\" height=\"171\" src=\"https:\/\/heartie.app\/articles\/pl\/wp-content\/uploads\/sites\/23\/2024\/01\/moje-serducho-zdrowie-serca-w-app-store.png\" alt=\"Heartie - Zdrowie serca - w App Store\" class=\"wp-image-398\" style=\"width:217px;height:auto\" title=\"\" srcset=\"https:\/\/heartie.app\/articles\/pl\/wp-content\/uploads\/sites\/23\/2024\/01\/moje-serducho-zdrowie-serca-w-app-store.png 512w, https:\/\/heartie.app\/articles\/pl\/wp-content\/uploads\/sites\/23\/2024\/01\/moje-serducho-zdrowie-serca-w-app-store-300x100.png 300w\" sizes=\"(max-width: 512px) 100vw, 512px\" \/><\/a><\/figure>\n\n\n\n<figure class=\"wp-block-image alignright size-full is-resized\"><a href=\"https:\/\/play.google.com\/store\/apps\/details?id=com.creamsoft.mycholesterol\" rel=\"nofollow noopener\" target=\"_blank\"><img decoding=\"async\" width=\"566\" height=\"171\" src=\"https:\/\/heartie.app\/articles\/pl\/wp-content\/uploads\/sites\/23\/2024\/01\/moje-serducho-zdrowie-serca-w-google-play.png\" alt=\"Heartie - Zdrowie serca - w Google Play\" class=\"wp-image-423\" style=\"width:245px;height:auto\" title=\"\" srcset=\"https:\/\/heartie.app\/articles\/pl\/wp-content\/uploads\/sites\/23\/2024\/01\/moje-serducho-zdrowie-serca-w-google-play.png 566w, https:\/\/heartie.app\/articles\/pl\/wp-content\/uploads\/sites\/23\/2024\/01\/moje-serducho-zdrowie-serca-w-google-play-300x91.png 300w\" sizes=\"(max-width: 566px) 100vw, 566px\" \/><\/a><\/figure>\n<\/div>\n\n\n\n<p class=\"has-text-align-center has-small-font-size\"><\/p>\n\n\n\n<div class=\"wp-block-essential-blocks-row alignfull\"><div class=\"eb-parent-wrapper eb-parent-eb-row-7vm0k \"><div class=\"eb-row-root-container eb-row-7vm0k\" data-id=\"eb-row-7vm0k\"><div class=\"eb-row-wrapper\"><div class=\"eb-row-inner\">\n<div class=\"eb-parent-wrapper eb-parent-eb-column-ege40  wp-block-essential-blocks-column\"><div class=\"eb-column-wrapper eb-column-ege40\"><div class=\"eb-column-inner\">\n<p><strong>Rozpocznij swoj\u0105 podr\u00f3\u017c do zdrowego serca<\/strong> ju\u017c dzi\u015b! Pobierz &#8222;Heartie&#8221; i wejd\u017a na \u015bcie\u017ck\u0119 do zdrowszego serca. Aplikacja jest dost\u0119pna w Apple App Store i sklepie Google Play.<\/p>\n<\/div><\/div><\/div>\n<\/div><\/div><\/div><\/div><\/div>\n<\/div>\n<\/div>\n<\/div>\n\n\n\n<div class=\"wp-block-column is-vertically-aligned-top is-layout-flow wp-block-column-is-layout-flow\" style=\"flex-basis:50%\">\n<div class=\"wp-block-essential-blocks-slider\"><div class=\"eb-parent-wrapper eb-parent-eb-slider-xgqcj \"><div class=\"eb-slider-wrapper eb-slider-xgqcj\" data-settings=\"{&quot;arrows&quot;:false,&quot;adaptiveHeight&quot;:true,&quot;autoplay&quot;:true,&quot;autoplaySpeed&quot;:3000,&quot;dots&quot;:true,&quot;fade&quot;:false,&quot;infinite&quot;:true,&quot;pauseOnHover&quot;:true,&quot;slidesToShow&quot;:1,&quot;speed&quot;:500,&quot;vertical&quot;:false,&quot;currentSlide&quot;:0,&quot;rtl&quot;:false,&quot;responsive&quot;:[{&quot;breakpoint&quot;:1025,&quot;settings&quot;:{&quot;slidesToShow&quot;:1}},{&quot;breakpoint&quot;:767,&quot;settings&quot;:{&quot;slidesToShow&quot;:1}}]}\" data-images=\"[{&quot;url&quot;:&quot;https:\/\/heartie.app\/articles\/pl\/wp-content\/uploads\/sites\/23\/2024\/04\/1-portrait.png&quot;,&quot;alt&quot;:&quot;Zdrowie serca - aplikacja&quot;,&quot;id&quot;:0,&quot;imageId&quot;:1243,&quot;caption&quot;:&quot;&quot;,&quot;title&quot;:&quot;Slider 1&quot;,&quot;subtitle&quot;:&quot;Essential Blocks Slider Subtitle&quot;,&quot;showButton&quot;:true,&quot;buttonText&quot;:&quot;See More&quot;,&quot;buttonUrl&quot;:&quot;&quot;,&quot;openNewTab&quot;:false,&quot;isValidUrl&quot;:true,&quot;showSecondButton&quot;:false,&quot;secondButtonText&quot;:&quot;See More&quot;,&quot;secondButtonUrl&quot;:&quot;&quot;,&quot;secondButtonOpenNewTab&quot;:false},{&quot;url&quot;:&quot;https:\/\/heartie.app\/articles\/pl\/wp-content\/uploads\/sites\/23\/2024\/04\/3-portrait.png&quot;,&quot;alt&quot;:&quot;&quot;,&quot;id&quot;:1,&quot;imageId&quot;:1244,&quot;caption&quot;:&quot;&quot;,&quot;title&quot;:&quot;Slider 2&quot;,&quot;subtitle&quot;:&quot;Essential Blocks Slider Subtitle&quot;,&quot;showButton&quot;:true,&quot;buttonText&quot;:&quot;See More&quot;,&quot;buttonUrl&quot;:&quot;&quot;,&quot;openNewTab&quot;:false,&quot;isValidUrl&quot;:true,&quot;showSecondButton&quot;:false,&quot;secondButtonText&quot;:&quot;See More&quot;,&quot;secondButtonUrl&quot;:&quot;&quot;,&quot;secondButtonOpenNewTab&quot;:false},{&quot;url&quot;:&quot;https:\/\/heartie.app\/articles\/pl\/wp-content\/uploads\/sites\/23\/2024\/04\/4-portrait.png&quot;,&quot;alt&quot;:&quot;&quot;,&quot;id&quot;:2,&quot;imageId&quot;:1245,&quot;caption&quot;:&quot;&quot;,&quot;title&quot;:&quot;Slider 3&quot;,&quot;subtitle&quot;:&quot;Essential Blocks Slider Subtitle&quot;,&quot;showButton&quot;:true,&quot;buttonText&quot;:&quot;See More&quot;,&quot;buttonUrl&quot;:&quot;&quot;,&quot;openNewTab&quot;:false,&quot;isValidUrl&quot;:true,&quot;showSecondButton&quot;:false,&quot;secondButtonText&quot;:&quot;See More&quot;,&quot;secondButtonUrl&quot;:&quot;&quot;,&quot;secondButtonOpenNewTab&quot;:false},{&quot;url&quot;:&quot;https:\/\/heartie.app\/articles\/pl\/wp-content\/uploads\/sites\/23\/2024\/04\/5-portrait.png&quot;,&quot;alt&quot;:&quot;&quot;,&quot;id&quot;:3,&quot;imageId&quot;:1246,&quot;caption&quot;:&quot;&quot;,&quot;title&quot;:&quot;Slider 4&quot;,&quot;subtitle&quot;:&quot;Essential Blocks Slider Subtitle&quot;,&quot;showButton&quot;:true,&quot;buttonText&quot;:&quot;See More&quot;,&quot;buttonUrl&quot;:&quot;&quot;,&quot;openNewTab&quot;:false,&quot;isValidUrl&quot;:true,&quot;showSecondButton&quot;:false,&quot;secondButtonText&quot;:&quot;See More&quot;,&quot;secondButtonUrl&quot;:&quot;&quot;,&quot;secondButtonOpenNewTab&quot;:false},{&quot;url&quot;:&quot;https:\/\/heartie.app\/articles\/pl\/wp-content\/uploads\/sites\/23\/2024\/04\/6-portrait.png&quot;,&quot;alt&quot;:&quot;&quot;,&quot;id&quot;:4,&quot;imageId&quot;:1247,&quot;caption&quot;:&quot;&quot;,&quot;title&quot;:&quot;Slider 5&quot;,&quot;subtitle&quot;:&quot;Essential Blocks Slider Subtitle&quot;,&quot;showButton&quot;:true,&quot;buttonText&quot;:&quot;See More&quot;,&quot;buttonUrl&quot;:&quot;&quot;,&quot;openNewTab&quot;:false,&quot;isValidUrl&quot;:true,&quot;showSecondButton&quot;:false,&quot;secondButtonText&quot;:&quot;See More&quot;,&quot;secondButtonUrl&quot;:&quot;&quot;,&quot;secondButtonOpenNewTab&quot;:false},{&quot;url&quot;:&quot;https:\/\/heartie.app\/articles\/pl\/wp-content\/uploads\/sites\/23\/2024\/04\/7-portrait.png&quot;,&quot;alt&quot;:&quot;&quot;,&quot;id&quot;:5,&quot;imageId&quot;:1248,&quot;caption&quot;:&quot;&quot;,&quot;title&quot;:&quot;Slider 6&quot;,&quot;subtitle&quot;:&quot;Essential Blocks Slider Subtitle&quot;,&quot;showButton&quot;:true,&quot;buttonText&quot;:&quot;See More&quot;,&quot;buttonUrl&quot;:&quot;&quot;,&quot;openNewTab&quot;:false,&quot;isValidUrl&quot;:true,&quot;showSecondButton&quot;:false,&quot;secondButtonText&quot;:&quot;See More&quot;,&quot;secondButtonUrl&quot;:&quot;&quot;,&quot;secondButtonOpenNewTab&quot;:false},{&quot;url&quot;:&quot;https:\/\/heartie.app\/articles\/pl\/wp-content\/uploads\/sites\/23\/2024\/04\/8-portrait.png&quot;,&quot;alt&quot;:&quot;&quot;,&quot;id&quot;:6,&quot;imageId&quot;:1249,&quot;caption&quot;:&quot;&quot;,&quot;title&quot;:&quot;Slider 7&quot;,&quot;subtitle&quot;:&quot;Essential Blocks Slider Subtitle&quot;,&quot;showButton&quot;:true,&quot;buttonText&quot;:&quot;See More&quot;,&quot;buttonUrl&quot;:&quot;&quot;,&quot;openNewTab&quot;:false,&quot;isValidUrl&quot;:true,&quot;showSecondButton&quot;:false,&quot;secondButtonText&quot;:&quot;See More&quot;,&quot;secondButtonUrl&quot;:&quot;&quot;,&quot;secondButtonOpenNewTab&quot;:false}]\" data-slidercontenttype=\"content-1\" data-slidertype=\"image\" data-textalign=\"left\" data-arrownexticon=\"fas fa-arrow-alt-circle-right\" data-arrowprevicon=\"fas fa-arrow-alt-circle-left\" data-titletag=\"h2\" data-contenttag=\"p\"><div class=\"eb-slider-type-image\"><div class=\"eb-slider-item content-1\"><img decoding=\"async\" class=\"eb-slider-image\" src=\"https:\/\/heartie.app\/articles\/pl\/wp-content\/uploads\/sites\/23\/2024\/04\/1-portrait.png\" alt=\"\" title=\"\"><\/div><div class=\"eb-slider-item content-1\"><img decoding=\"async\" class=\"eb-slider-image\" src=\"https:\/\/heartie.app\/articles\/pl\/wp-content\/uploads\/sites\/23\/2024\/04\/3-portrait.png\" alt=\"\" title=\"\"><\/div><div class=\"eb-slider-item content-1\"><img decoding=\"async\" class=\"eb-slider-image\" src=\"https:\/\/heartie.app\/articles\/pl\/wp-content\/uploads\/sites\/23\/2024\/04\/4-portrait.png\" alt=\"\" title=\"\"><\/div><div class=\"eb-slider-item content-1\"><img decoding=\"async\" class=\"eb-slider-image\" src=\"https:\/\/heartie.app\/articles\/pl\/wp-content\/uploads\/sites\/23\/2024\/04\/5-portrait.png\" alt=\"\" title=\"\"><\/div><div class=\"eb-slider-item content-1\"><img decoding=\"async\" class=\"eb-slider-image\" src=\"https:\/\/heartie.app\/articles\/pl\/wp-content\/uploads\/sites\/23\/2024\/04\/6-portrait.png\" alt=\"\" title=\"\"><\/div><div class=\"eb-slider-item content-1\"><img decoding=\"async\" class=\"eb-slider-image\" src=\"https:\/\/heartie.app\/articles\/pl\/wp-content\/uploads\/sites\/23\/2024\/04\/7-portrait.png\" alt=\"\" title=\"\"><\/div><div class=\"eb-slider-item content-1\"><img decoding=\"async\" class=\"eb-slider-image\" src=\"https:\/\/heartie.app\/articles\/pl\/wp-content\/uploads\/sites\/23\/2024\/04\/8-portrait.png\" alt=\"\" title=\"\"><\/div><\/div><\/div><\/div><\/div>\n<\/div>\n<\/div>\n\n\n\n<div class=\"wp-block-essential-blocks-wrapper alignfull\"><div class=\"eb-parent-wrapper eb-parent-eb-wrapper-2vur6 \"><div class=\"eb-wrapper-outer eb-wrapper-2vur6\"><div class=\"eb-wrapper-inner\"><div class=\"eb-wrapper-inner-blocks eb-wrapper-align-center\">\n<div class=\"wp-block-columns has-medium-font-size is-layout-flex wp-container-core-columns-is-layout-28f84493 wp-block-columns-is-layout-flex\">\n<div class=\"wp-block-column is-vertically-aligned-top is-layout-flow wp-block-column-is-layout-flow\">\n<h2 class=\"wp-block-heading\"><strong>Najwa\u017cniejsze funkcje<\/strong><\/h2>\n\n\n\n<h3 class=\"wp-block-heading\" style=\"padding-top:1em;padding-bottom:1em\"><strong>1. Wszechstronne \u015bledzenie stanu zdrowia<\/strong><\/h3>\n\n\n\n<h4 class=\"wp-block-heading\">Bezproblemowo monitoruj zdrowie serca<\/h4>\n\n\n\n<ul class=\"wp-block-list\">\n<li>\u015aled\u017a kluczowe wska\u017aniki zdrowotne, takie jak <a href=\"https:\/\/heartie.app\/articles\/pl\/kontroluj-cisnienie-krwi\/\" data-internallinksmanager029f6b8e52c=\"4\" title=\"Ci\u015bnienie krwi\">ci\u015bnienie krwi<\/a> i wag\u0119.<\/li>\n\n\n\n<li>Rejestruj codzienne spo\u017cycie jedzenia za pomoc\u0105 naszej obszernej bazy danych o warto\u015bciach cholesterolu.<\/li>\n\n\n\n<li>Zyskaj wgl\u0105d w to, jak Twoja dieta wp\u0142ywa na zdrowy styl \u017cycia dla serca.<\/li>\n<\/ul>\n\n\n\n<h3 class=\"wp-block-heading\" style=\"padding-top:1em;padding-bottom:1em\"><strong>2. Dieta i \u017cywienie<\/strong> to r\u00f3wnie\u017c dbanie o serce<\/h3>\n\n\n\n<h4 class=\"wp-block-heading\">Wybory dietetyczne dostosowane do Twojego serca<\/h4>\n\n\n\n<ul class=\"wp-block-list\">\n<li>Czytaj artyku\u0142y dotycz\u0105ce zdrowego dla serca od\u017cywiania.<\/li>\n\n\n\n<li>Odkryj r\u00f3\u017cnorodne, po\u017cywne i smaczne przepisy wspieraj\u0105ce zdrowie sercowo-naczyniowe.<\/li>\n\n\n\n<li>Dowiedz si\u0119 o kontroli porcji i r\u00f3wnowadze sk\u0142adnik\u00f3w od\u017cywczych niezb\u0119dnych dla zdrowia serca.<\/li>\n<\/ul>\n\n\n\n<h3 class=\"wp-block-heading\" style=\"padding-top:1em;padding-bottom:1em\"><strong>3. \u015aledzenie post\u0119p\u00f3w i analiza<\/strong><\/h3>\n\n\n\n<h4 class=\"wp-block-heading\">Wizualizuj i \u015bled\u017a swoje post\u0119py<\/h4>\n\n\n\n<ul class=\"wp-block-list\">\n<li>U\u017cyj interaktywnych wykres\u00f3w i raport\u00f3w do monitorowania ci\u015bnienia krwi i utraty <a href=\"https:\/\/heartie.app\/articles\/pl\/zdrowa-waga-i-jej-utrzymanie\/\" data-internallinksmanager029f6b8e52c=\"2\" title=\"Waga cia\u0142a\">wagi<\/a>.<\/li>\n\n\n\n<li>Zrozum wp\u0142yw zmian w diecie na serce.<\/li>\n\n\n\n<li>Ustalaj i osi\u0105gaj kamienie milowe, \u015bled\u017a utrat\u0119 <a href=\"https:\/\/heartie.app\/articles\/pl\/zdrowa-waga-i-jej-utrzymanie\/\" data-internallinksmanager029f6b8e52c=\"2\" title=\"Waga cia\u0142a\">wagi<\/a> oraz \u015bwi\u0119tuj swoje sukcesy.<\/li>\n<\/ul>\n\n\n\n<h3 class=\"wp-block-heading\" style=\"padding-top:1em;padding-bottom:1em\"><strong>4. Porady i dodatkowe zasoby<\/strong><\/h3>\n\n\n\n<h4 class=\"wp-block-heading\">Poszerz swoj\u0105 wiedz\u0119 dzi\u0119ki informacjom o zdrowiu serca<\/h4>\n\n\n\n<ul class=\"wp-block-list\">\n<li>Dost\u0119p do <a href=\"https:\/\/heartie.app\/articles\/pl\/zdrowe-nawyki-artykuly-porady\/\" data-type=\"page\" data-id=\"446\">artyku\u0142\u00f3w<\/a>, wskaz\u00f3wek i porad dotycz\u0105cych zdrowych nawyk\u00f3w, diety i utraty <a href=\"https:\/\/heartie.app\/articles\/pl\/zdrowa-waga-i-jej-utrzymanie\/\" data-internallinksmanager029f6b8e52c=\"2\" title=\"Waga cia\u0142a\">wagi<\/a>.<\/li>\n\n\n\n<li>B\u0105d\u017a na bie\u017c\u0105co z najnowszymi badaniami i odkryciami w dziedzinie zdrowia sercowo-naczyniowego.<\/li>\n<\/ul>\n<\/div>\n<\/div>\n<\/div><\/div><\/div><\/div><\/div>\n","protected":false},"excerpt":{"rendered":"<p>Zdrowie serca Zadbaj o swoje serce teraz! Witamy w &#8222;Heartie&#8221;, innowacyjnej aplikacji stworzonej, aby pom\u00f3c Ci osi\u0105gn\u0105\u0107 i utrzyma\u0107 optymalny stan zdrowia serca. Nasza przyjazna dla u\u017cytkownika aplikacja skupia si\u0119 na kontroli ci\u015bnienia krwi, odchudzaniu i zarz\u0105dzaniu diet\u0105 oraz na wyborach dotycz\u0105cych stylu \u017cycia, aby zapewni\u0107 ca\u0142o\u015bciowe podej\u015bcie do zdrowia sercowo-naczyniowego. Wypr\u00f3buj j\u0105 BEZP\u0141ATNIE podczas [&hellip;]<\/p>\n","protected":false},"author":1,"featured_media":686,"parent":0,"menu_order":0,"comment_status":"closed","ping_status":"open","template":"","meta":{"_eb_attr":"","site-sidebar-layout":"default","site-content-layout":"","ast-site-content-layout":"default","site-content-style":"default","site-sidebar-style":"default","ast-global-header-display":"","ast-banner-title-visibility":"","ast-main-header-display":"","ast-hfb-above-header-display":"","ast-hfb-below-header-display":"","ast-hfb-mobile-header-display":"","site-post-title":"disabled","ast-breadcrumbs-content":"","ast-featured-img":"disabled","footer-sml-layout":"","ast-disable-related-posts":"","theme-transparent-header-meta":"","adv-header-id-meta":"","stick-header-meta":"","header-above-stick-meta":"","header-main-stick-meta":"","header-below-stick-meta":"","astra-migrate-meta-layouts":"default","ast-page-background-enabled":"default","ast-page-background-meta":{"desktop":{"background-color":"var(--ast-global-color-4)","background-image":"","background-repeat":"repeat","background-position":"center center","background-size":"auto","background-attachment":"scroll","background-type":"","background-media":"","overlay-type":"","overlay-color":"","overlay-opacity":"","overlay-gradient":""},"tablet":{"background-color":"","background-image":"","background-repeat":"repeat","background-position":"center center","background-size":"auto","background-attachment":"scroll","background-type":"","background-media":"","overlay-type":"","overlay-color":"","overlay-opacity":"","overlay-gradient":""},"mobile":{"background-color":"","background-image":"","background-repeat":"repeat","background-position":"center center","background-size":"auto","background-attachment":"scroll","background-type":"","background-media":"","overlay-type":"","overlay-color":"","overlay-opacity":"","overlay-gradient":""}},"ast-content-background-meta":{"desktop":{"background-color":"var(--ast-global-color-5)","background-image":"","background-repeat":"repeat","background-position":"center center","background-size":"auto","background-attachment":"scroll","background-type":"","background-media":"","overlay-type":"","overlay-color":"","overlay-opacity":"","overlay-gradient":""},"tablet":{"background-color":"var(--ast-global-color-5)","background-image":"","background-repeat":"repeat","background-position":"center center","background-size":"auto","background-attachment":"scroll","background-type":"","background-media":"","overlay-type":"","overlay-color":"","overlay-opacity":"","overlay-gradient":""},"mobile":{"background-color":"var(--ast-global-color-5)","background-image":"","background-repeat":"repeat","background-position":"center center","background-size":"auto","background-attachment":"scroll","background-type":"","background-media":"","overlay-type":"","overlay-color":"","overlay-opacity":"","overlay-gradient":""}},"footnotes":""},"class_list":["post-2","page","type-page","status-publish","has-post-thumbnail","hentry"],"_links":{"self":[{"href":"https:\/\/heartie.app\/articles\/pl\/wp-json\/wp\/v2\/pages\/2","targetHints":{"allow":["GET"]}}],"collection":[{"href":"https:\/\/heartie.app\/articles\/pl\/wp-json\/wp\/v2\/pages"}],"about":[{"href":"https:\/\/heartie.app\/articles\/pl\/wp-json\/wp\/v2\/types\/page"}],"author":[{"embeddable":true,"href":"https:\/\/heartie.app\/articles\/pl\/wp-json\/wp\/v2\/users\/1"}],"replies":[{"embeddable":true,"href":"https:\/\/heartie.app\/articles\/pl\/wp-json\/wp\/v2\/comments?post=2"}],"version-history":[{"count":14,"href":"https:\/\/heartie.app\/articles\/pl\/wp-json\/wp\/v2\/pages\/2\/revisions"}],"predecessor-version":[{"id":1251,"href":"https:\/\/heartie.app\/articles\/pl\/wp-json\/wp\/v2\/pages\/2\/revisions\/1251"}],"wp:featuredmedia":[{"embeddable":true,"href":"https:\/\/heartie.app\/articles\/pl\/wp-json\/wp\/v2\/media\/686"}],"wp:attachment":[{"href":"https:\/\/heartie.app\/articles\/pl\/wp-json\/wp\/v2\/media?parent=2"}],"curies":[{"name":"wp","href":"https:\/\/api.w.org\/{rel}","templated":true}]}}