{"id":3,"date":"2024-01-03T22:45:42","date_gmt":"2024-01-03T22:45:42","guid":{"rendered":"https:\/\/heartie.app\/de\/?page_id=3"},"modified":"2024-02-11T19:18:44","modified_gmt":"2024-02-11T18:18:44","slug":"privacy-policy","status":"publish","type":"page","link":"https:\/\/heartie.app\/articles\/de\/privacy-policy\/","title":{"rendered":"Datenschutzrichtlinie"},"content":{"rendered":"\n<p>Willkommen bei <strong>Heartie.com<\/strong>, wo wir die Privatsph\u00e4re unserer Besucher priorisieren. Dieses Dokument beschreibt die Arten von Informationen, die wir sammeln und wie sie verwendet werden.<\/p>\n\n\n\n<p>Sollten Sie weitere Anfragen haben oder mehr Details zu unserer Datenschutzrichtlinie ben\u00f6tigen, z\u00f6gern Sie nicht, <a href=\"https:\/\/www.creamsoft.com\/en\/contact\/\" target=\"_blank\" data-type=\"link\" data-id=\"https:\/\/www.creamsoft.com\/en\/contact\/\" rel=\"noreferrer noopener\">Kontakt mit uns aufzunehmen<\/a>.<\/p>\n\n\n\n<h2 class=\"wp-block-heading\">Zustimmung<\/h2>\n\n\n\n<p>Durch den Zugriff auf unsere Website stimmen Sie unserer Datenschutzrichtlinie zu und erkl\u00e4ren sich mit ihren Bedingungen einverstanden.<\/p>\n\n\n\n<h2 class=\"wp-block-heading\">Die von uns gesammelten Informationen<\/h2>\n\n\n\n<p>Wir k\u00f6nnen pers\u00f6nliche Informationen sammeln, wenn Sie:<\/p>\n\n\n\n<ul class=\"wp-block-list\">\n<li>Sich direkt mit uns in Verbindung setzen, was Ihren Namen, E-Mail-Adresse, Telefonnummer und den Inhalt Ihrer Kommunikation umfassen kann.<\/li>\n\n\n\n<li>Ein Konto registrieren, was Details wie Namen oder Firmennamen und E-Mail-Adresse erfordert.<\/li>\n\n\n\n<li>Sich anmelden, um ein kostenloses PDF zu erhalten, wobei wir Ihre E-Mail-Adresse f\u00fcr Newsletter, Angebote oder Werbeaktionen sammeln.<\/li>\n<\/ul>\n\n\n\n<h2 class=\"wp-block-heading\">Wie wir Ihre Informationen nutzen<\/h2>\n\n\n\n<p>Unsere Nutzung Ihrer Informationen umfasst, ist aber nicht beschr\u00e4nkt auf:<\/p>\n\n\n\n<ul class=\"wp-block-list\">\n<li>Betrieb und Wartung unserer Website.<\/li>\n\n\n\n<li>Verbesserung, Personalisierung und Erweiterung unserer Website.<\/li>\n\n\n\n<li>Verstehen und Analysieren Ihrer Nutzung unserer Website.<\/li>\n\n\n\n<li>Entwicklung neuer Produkte, Dienstleistungen und Funktionen.<\/li>\n\n\n\n<li>Kommunikation f\u00fcr Kundenservice, Updates, Marketing, einschlie\u00dflich Newsletter, Angebote von uns oder Dritten, und Werbezwecke, die Affiliate-Links enthalten k\u00f6nnen.<\/li>\n\n\n\n<li>Versenden von E-Mails und Verhinderung von Betrug.<\/li>\n<\/ul>\n\n\n\n<h2 class=\"wp-block-heading\">Log-Dateien<\/h2>\n\n\n\n<p>Heartie.com verwendet Log-Dateien nach Standardverfahren, die Daten wie IP-Adressen, Browsertypen, Internetdienstanbieter und Besuchszeitstempel erfassen. Diese Daten, die nicht mit pers\u00f6nlich identifizierbaren Informationen verkn\u00fcpft sind, helfen bei der Trendanalyse und der Verwaltung der Website.<\/p>\n\n\n\n<h2 class=\"wp-block-heading\">Cookies und andere Technologien<\/h2>\n\n\n\n<p>Wie jede andere Website verwendet auch Heartie.com \u201eCookies\u201c, um das Benutzererlebnis zu verbessern. Sie k\u00f6nnen Cookies \u00fcber Ihre Browsereinstellungen verwalten, wobei detaillierte Informationen auf der Website Ihres Browsers verf\u00fcgbar sind.<\/p>\n\n\n\n<h2 class=\"wp-block-heading\">Dienste Dritter und Werbepartner<\/h2>\n\n\n\n<p>Heartie.com nutzt Dienste Dritter wie Google Analytics, um zu verstehen, wie unsere Website genutzt wird. Google Analytics sammelt anonymisierte Daten, um den Websiteverkehr zu verfolgen und zu berichten. Diese Daten werden so verarbeitet, dass niemand identifiziert werden kann.<\/p>\n\n\n\n<p>F\u00fcr detailliertere Informationen dar\u00fcber, wie Google Ihre Daten sammelt und verarbeitet, besuchen Sie bitte <a href=\"https:\/\/policies.google.com\/privacy\" rel=\"nofollow noopener\" target=\"_blank\">Googles Datenschutzrichtlinie<\/a>.<\/p>\n\n\n\n<p>Wir arbeiten auch mit verschiedenen Werbepartnern zusammen, die Cookies, Web Beacons und andere Technologien verwenden k\u00f6nnen, um Informationen \u00fcber Ihre Aktivit\u00e4ten auf unserer Website und anderen Websites zu sammeln, um Ihnen zielgerichtete Werbung basierend auf Ihren Surfaktivit\u00e4ten und Interessen anzubieten. Hier ist eine Liste unserer Werbepartner und Links zu ihren Datenschutzrichtlinien:<\/p>\n\n\n\n<ul class=\"wp-block-list\">\n<li><a href=\"https:\/\/policies.google.com\/technologies\/ads\" rel=\"nofollow noopener\" target=\"_blank\">Google AdSense &amp; DoubleClick-Cookie-Richtlinie<\/a><\/li>\n<\/ul>\n\n\n\n<h2 class=\"wp-block-heading\">Datenschutzrechte nach der DSGVO<\/h2>\n\n\n\n<p>Wir sind verpflichtet, den Schutz Ihrer Daten zu gew\u00e4hrleisten. Unter der DSGVO haben Sie, wenn Sie Einwohner der Europ\u00e4ischen Union sind, folgende Rechte:<\/p>\n\n\n\n<ul class=\"wp-block-list\">\n<li><strong>Recht auf Zugang<\/strong>: Sie haben das Recht, Kopien Ihrer pers\u00f6nlichen Daten anzufordern. F\u00fcr diesen Dienst k\u00f6nnen wir eine geringe Geb\u00fchr erheben.<\/li>\n\n\n\n<li><strong>Recht auf Berichtigung<\/strong>: Sie haben das Recht zu verlangen, dass wir Informationen, die Sie f\u00fcr ungenau halten, korrigieren oder Informationen, die Sie f\u00fcr unvollst\u00e4ndig halten, vervollst\u00e4ndigen.<\/li>\n\n\n\n<li><strong>Recht auf L\u00f6schung<\/strong>: Sie haben das Recht zu verlangen, dass wir Ihre pers\u00f6nlichen Daten unter bestimmten Bedingungen l\u00f6schen.<\/li>\n\n\n\n<li><strong>Recht auf Einschr\u00e4nkung der Verarbeitung<\/strong>: Sie haben das Recht zu verlangen, dass wir die Verarbeitung Ihrer pers\u00f6nlichen Daten unter bestimmten Bedingungen einschr\u00e4nken.<\/li>\n\n\n\n<li><strong>Recht auf Daten\u00fcbertragbarkeit<\/strong>: Sie haben das Recht zu verlangen, dass wir die Daten, die wir gesammelt haben, an eine andere Organisation oder direkt an Sie \u00fcbertragen, unter bestimmten Bedingungen.<\/li>\n\n\n\n<li><strong>Recht auf Widerspruch<\/strong>: Sie haben das Recht, der Verarbeitung Ihrer pers\u00f6nlichen Daten unter bestimmten Bedingungen zu widersprechen.<\/li>\n\n\n\n<li><strong>Rechte in Bezug auf automatisierte Entscheidungsfindung und Profiling<\/strong>: Sie haben Rechte im Zusammenhang mit der automatisierten Entscheidungsfindung, einschlie\u00dflich Profiling, die sicherstellen, dass Entscheidungen, die Sie betreffen, nicht ausschlie\u00dflich auf automatisierter Verarbeitung basieren.<\/li>\n<\/ul>\n\n\n\n<p>F\u00fcr weitere Informationen oder um Ihre Datenschutzrechte auszu\u00fcben, <a href=\"https:\/\/www.creamsoft.com\/en\/contact\/\" data-type=\"link\" data-id=\"https:\/\/www.creamsoft.com\/en\/contact\/\" target=\"_blank\" rel=\"noreferrer noopener\">kontaktieren<\/a> Sie uns bitte.<\/p>\n\n\n\n<h2 class=\"wp-block-heading\">Datenschutzrechte nach dem CCPA<\/h2>\n\n\n\n<p>Unter dem CCPA haben Sie, wenn Sie Einwohner Kaliforniens sind, folgende Rechte:<\/p>\n\n\n\n<ul class=\"wp-block-list\">\n<li><strong>Recht auf Kenntnis<\/strong>: Sie haben das Recht, von uns die Offenlegung bestimmter Informationen \u00fcber unsere Sammlung und Verwendung Ihrer pers\u00f6nlichen Informationen in den letzten 12 Monaten zu verlangen.<\/li>\n\n\n\n<li><strong>Recht auf L\u00f6schung<\/strong>: Sie haben das Recht, von uns die L\u00f6schung Ihrer pers\u00f6nlichen Informationen, die wir von Ihnen gesammelt und aufbewahrt haben, unter bestimmten Bedingungen zu verlangen.<\/li>\n\n\n\n<li><strong>Recht auf Opt-Out<\/strong>: Sie haben das Recht, dem Verkauf Ihrer pers\u00f6nlichen Informationen zu widersprechen.<\/li>\n\n\n\n<li><strong>Recht auf Nichtdiskriminierung<\/strong>: Wir werden Sie nicht diskriminieren, weil Sie Ihre CCPA-Rechte ausge\u00fcbt haben.<\/li>\n<\/ul>\n\n\n\n<p>Um diese Rechte auszu\u00fcben, <a href=\"https:\/\/www.creamsoft.com\/en\/contact\/\" target=\"_blank\" rel=\"noreferrer noopener\">kontaktieren<\/a> Sie uns bitte.<\/p>\n\n\n\n<h2 class=\"wp-block-heading\">Informationen \u00fcber Kinder<\/h2>\n\n\n\n<p>Der Schutz der Privatsph\u00e4re von Kindern im Internet ist uns \u00e4u\u00dferst wichtig. Heartie.com sammelt wissentlich keine identifizierbaren Informationen von Kindern unter 13 Jahren. Wenn Sie glauben, dass solche Informationen gesammelt wurden, <a href=\"https:\/\/www.creamsoft.com\/en\/contact\/\" target=\"_blank\" data-type=\"link\" data-id=\"https:\/\/www.creamsoft.com\/en\/contact\/\" rel=\"noreferrer noopener\">kontaktieren<\/a> Sie uns bitte umgehend, damit wir sie schnellstm\u00f6glich entfernen k\u00f6nnen.<\/p>\n\n\n\n<h2 class=\"wp-block-heading\">Abonnement und Marketing<\/h2>\n\n\n\n<p>Durch das Abonnieren, um unser kostenloses PDF zu erhalten, erkl\u00e4ren Sie sich damit einverstanden, Ihre E-Mail-Adresse anzugeben, die verwendet wird, um Ihnen das kostenlose PDF, Newsletter, Angebote oder Werbeaktionen von uns oder unseren Drittpartner zu senden. Diese Kommunikationen k\u00f6nnen Affiliate-Links enthalten. Sie k\u00f6nnen sich jederzeit \u00fcber den in unseren E-Mails bereitgestellten Link abmelden.<\/p>\n\n\n\n<h2 class=\"wp-block-heading\">Offenlegung von Affiliate-Links<\/h2>\n\n\n\n<p>Heartie.com nimmt an verschiedenen Affiliate-Marketingprogrammen teil, was bedeutet, dass wir Provisionen f\u00fcr K\u00e4ufe verdienen k\u00f6nnen, die \u00fcber unsere Links zu Einzelh\u00e4ndlerseiten get\u00e4tigt werden. Unsere Teilnahme an diesen Programmen beeinflusst nicht den Inhalt der auf unserer Seite ver\u00f6ffentlichten Artikel, hilft aber, unsere Arbeit zu unterst\u00fctzen.<\/p>\n\n\n\n<p>Wir verpflichten uns zu Transparenz und bieten klare Offenlegungen, wenn Affiliate-Links vorhanden sind. Wir ermutigen unsere Nutzer, die Datenschutzrichtlinien jeder Website, die sie \u00fcber Affiliate-Links besuchen, zu lesen, um zu verstehen, wie diese Websites ihre Informationen sammeln, verwenden und teilen.<\/p>\n\n\n\n<h2 class=\"wp-block-heading\">Datenkontrolleur und Kontaktinformationen<\/h2>\n\n\n\n<p><strong>Datenkontrolleur<\/strong>: Der Datenkontrolleur f\u00fcr Heartie.com bin ich, Rafa\u0142 P\u0142atek, der mein eigenes Softwaregesch\u00e4ft als CREAM.SOFTWARE RAFA\u0141 P\u0141ATEK in Polen, ul. D\u0105browskiego 58d, 32-400 My\u015blenice, eingetragen im Eingetragen im Zentralen Register und Informationsdienst \u00fcber die Wirtschaftst\u00e4tigkeit (CEIDG), betrieben vom Ministerium f\u00fcr Wirtschaftsentwicklung der Republik Polen, USt-ID Nr. PL6811128955 betreibt.<\/p>\n\n\n\n<p><strong>Kontaktinformationen<\/strong>: Wenn Sie Fragen zu dieser Datenschutzrichtlinie, den Daten, die wir \u00fcber Sie speichern, oder wenn Sie eines Ihrer Datenschutzrechte aus\u00fcben m\u00f6chten, z\u00f6gern Sie nicht, <a href=\"https:\/\/www.creamsoft.com\/en\/contact\/\" target=\"_blank\" rel=\"noreferrer noopener\">Kontakt mit uns aufzunehmen<\/a>.<\/p>\n","protected":false},"excerpt":{"rendered":"<p>Willkommen bei Heartie.com, wo wir die Privatsph\u00e4re unserer Besucher priorisieren. Dieses Dokument beschreibt die Arten von Informationen, die wir sammeln und wie sie verwendet werden. Sollten Sie weitere Anfragen haben oder mehr Details zu unserer Datenschutzrichtlinie ben\u00f6tigen, z\u00f6gern Sie nicht, Kontakt mit uns aufzunehmen. Zustimmung Durch den Zugriff auf unsere Website stimmen Sie unserer Datenschutzrichtlinie [&hellip;]<\/p>\n","protected":false},"author":1,"featured_media":0,"parent":0,"menu_order":0,"comment_status":"closed","ping_status":"open","template":"","meta":{"_eb_attr":"","site-sidebar-layout":"default","site-content-layout":"","ast-site-content-layout":"default","site-content-style":"default","site-sidebar-style":"default","ast-global-header-display":"","ast-banner-title-visibility":"","ast-main-header-display":"","ast-hfb-above-header-display":"","ast-hfb-below-header-display":"","ast-hfb-mobile-header-display":"","site-post-title":"","ast-breadcrumbs-content":"","ast-featured-img":"","footer-sml-layout":"","ast-disable-related-posts":"","theme-transparent-header-meta":"","adv-header-id-meta":"","stick-header-meta":"","header-above-stick-meta":"","header-main-stick-meta":"","header-below-stick-meta":"","astra-migrate-meta-layouts":"default","ast-page-background-enabled":"default","ast-page-background-meta":{"desktop":{"background-color":"var(--ast-global-color-4)","background-image":"","background-repeat":"repeat","background-position":"center center","background-size":"auto","background-attachment":"scroll","background-type":"","background-media":"","overlay-type":"","overlay-color":"","overlay-opacity":"","overlay-gradient":""},"tablet":{"background-color":"","background-image":"","background-repeat":"repeat","background-position":"center center","background-size":"auto","background-attachment":"scroll","background-type":"","background-media":"","overlay-type":"","overlay-color":"","overlay-opacity":"","overlay-gradient":""},"mobile":{"background-color":"","background-image":"","background-repeat":"repeat","background-position":"center center","background-size":"auto","background-attachment":"scroll","background-type":"","background-media":"","overlay-type":"","overlay-color":"","overlay-opacity":"","overlay-gradient":""}},"ast-content-background-meta":{"desktop":{"background-color":"var(--ast-global-color-5)","background-image":"","background-repeat":"repeat","background-position":"center center","background-size":"auto","background-attachment":"scroll","background-type":"","background-media":"","overlay-type":"","overlay-color":"","overlay-opacity":"","overlay-gradient":""},"tablet":{"background-color":"var(--ast-global-color-5)","background-image":"","background-repeat":"repeat","background-position":"center center","background-size":"auto","background-attachment":"scroll","background-type":"","background-media":"","overlay-type":"","overlay-color":"","overlay-opacity":"","overlay-gradient":""},"mobile":{"background-color":"var(--ast-global-color-5)","background-image":"","background-repeat":"repeat","background-position":"center center","background-size":"auto","background-attachment":"scroll","background-type":"","background-media":"","overlay-type":"","overlay-color":"","overlay-opacity":"","overlay-gradient":""}},"footnotes":""},"class_list":["post-3","page","type-page","status-publish","hentry"],"_links":{"self":[{"href":"https:\/\/heartie.app\/articles\/de\/wp-json\/wp\/v2\/pages\/3","targetHints":{"allow":["GET"]}}],"collection":[{"href":"https:\/\/heartie.app\/articles\/de\/wp-json\/wp\/v2\/pages"}],"about":[{"href":"https:\/\/heartie.app\/articles\/de\/wp-json\/wp\/v2\/types\/page"}],"author":[{"embeddable":true,"href":"https:\/\/heartie.app\/articles\/de\/wp-json\/wp\/v2\/users\/1"}],"replies":[{"embeddable":true,"href":"https:\/\/heartie.app\/articles\/de\/wp-json\/wp\/v2\/comments?post=3"}],"version-history":[{"count":3,"href":"https:\/\/heartie.app\/articles\/de\/wp-json\/wp\/v2\/pages\/3\/revisions"}],"predecessor-version":[{"id":1325,"href":"https:\/\/heartie.app\/articles\/de\/wp-json\/wp\/v2\/pages\/3\/revisions\/1325"}],"wp:attachment":[{"href":"https:\/\/heartie.app\/articles\/de\/wp-json\/wp\/v2\/media?parent=3"}],"curies":[{"name":"wp","href":"https:\/\/api.w.org\/{rel}","templated":true}]}}